{"id":93436,"date":"2021-04-28T12:49:03","date_gmt":"2021-04-28T10:48:40","guid":{"rendered":"https:\/\/origin-commerce-dev.ie.edu\/?post_type=product&#038;p=93436"},"modified":"2021-11-03T13:03:34","modified_gmt":"2021-11-03T12:03:34","slug":"ie-backpack","status":"publish","type":"product","link":"https:\/\/origin-commerce-dev.ie.edu\/es\/producto\/accessorios\/mochilas\/ie-backpack\/","title":{"rendered":"IE Backpack"},"content":{"rendered":"","protected":false},"excerpt":{"rendered":"<p>Esta mochila IE de The North Face tiene un compartimento para un port\u00e1til de 15 pulgadas y un bolsillo forrado de felpa para el m\u00f3vil para que los lleves seguros. Tambi\u00e9n cuenta con bolsillos de malla para botellas de agua y el cl\u00e1sico cord\u00f3n el\u00e1stico superpuesto en la parte exterior de delante para que puedas llevar m\u00e1s cosas.<\/p>\n<p>Vol\u00famen: 27 Litros<\/p>\n","protected":false},"featured_media":93438,"comment_status":"open","ping_status":"closed","template":"","meta":{"_seopress_robots_primary_cat":"","_seopress_titles_title":"","_seopress_titles_desc":"","_seopress_robots_index":""},"product_brand":[],"product_cat":[562,201,242],"product_tag":[],"class_list":{"0":"post-93436","1":"product","2":"type-product","3":"status-publish","4":"has-post-thumbnail","6":"product_cat-new-in-es","7":"product_cat-accessorios","8":"product_cat-mochilas","10":"first","11":"instock","12":"shipping-taxable","13":"purchasable","14":"product-type-simple","15":"add-to-wishlist-after_add_to_cart","16":"thumb-has-effect","17":"prod-rating-off"},"_links":{"self":[{"href":"https:\/\/origin-commerce-dev.ie.edu\/es\/wp-json\/wp\/v2\/product\/93436","targetHints":{"allow":["GET"]}}],"collection":[{"href":"https:\/\/origin-commerce-dev.ie.edu\/es\/wp-json\/wp\/v2\/product"}],"about":[{"href":"https:\/\/origin-commerce-dev.ie.edu\/es\/wp-json\/wp\/v2\/types\/product"}],"replies":[{"embeddable":true,"href":"https:\/\/origin-commerce-dev.ie.edu\/es\/wp-json\/wp\/v2\/comments?post=93436"}],"wp:featuredmedia":[{"embeddable":true,"href":"https:\/\/origin-commerce-dev.ie.edu\/es\/wp-json\/wp\/v2\/media\/93438"}],"wp:attachment":[{"href":"https:\/\/origin-commerce-dev.ie.edu\/es\/wp-json\/wp\/v2\/media?parent=93436"}],"wp:term":[{"taxonomy":"product_brand","embeddable":true,"href":"https:\/\/origin-commerce-dev.ie.edu\/es\/wp-json\/wp\/v2\/product_brand?post=93436"},{"taxonomy":"product_cat","embeddable":true,"href":"https:\/\/origin-commerce-dev.ie.edu\/es\/wp-json\/wp\/v2\/product_cat?post=93436"},{"taxonomy":"product_tag","embeddable":true,"href":"https:\/\/origin-commerce-dev.ie.edu\/es\/wp-json\/wp\/v2\/product_tag?post=93436"}],"curies":[{"name":"wp","href":"https:\/\/api.w.org\/{rel}","templated":true}]}}