{"id":88216,"date":"2021-03-03T11:11:26","date_gmt":"2021-03-03T10:17:11","guid":{"rendered":"https:\/\/origin-commerce-dev.ie.edu\/?post_type=product&#038;p=88216"},"modified":"2021-09-22T16:56:20","modified_gmt":"2021-09-22T14:56:20","slug":"ie-cares-be-mask","status":"publish","type":"product","link":"https:\/\/origin-commerce-dev.ie.edu\/es\/producto\/accessorios\/generico\/ie-cares-be-mask\/","title":{"rendered":"IE Cares Be Mask"},"content":{"rendered":"","protected":false},"excerpt":{"rendered":"<p>Mascarilla higi\u00e9nica y reutilizable BEMASKPRO\u00ae, Tecnolog\u00eda a base de iones de plata, antiv\u00edrica y antibacteriana proporcionando protecci\u00f3n.<\/p>\n<p>&nbsp;<\/p>\n<p>Ensayos seg\u00fan ECWA 17553: 2020.<\/p>\n<p>&nbsp;<\/p>\n<p><em><strong>IMPORTANTE:<\/strong> Por razones de higiene no aceptamos devoluciones de este articulo.\u00a0<\/em><\/p>\n","protected":false},"featured_media":120071,"comment_status":"open","ping_status":"closed","template":"","meta":{"_seopress_robots_primary_cat":"","_seopress_titles_title":"","_seopress_titles_desc":"","_seopress_robots_index":""},"product_brand":[],"product_cat":[562,549,201,240],"product_tag":[],"class_list":{"0":"post-88216","1":"product","2":"type-product","3":"status-publish","4":"has-post-thumbnail","6":"product_cat-new-in-es","7":"product_cat-reutiliza","8":"product_cat-accessorios","9":"product_cat-generico","11":"first","12":"instock","13":"shipping-taxable","14":"purchasable","15":"product-type-variable","16":"add-to-wishlist-after_add_to_cart","17":"thumb-has-effect","18":"prod-rating-off"},"_links":{"self":[{"href":"https:\/\/origin-commerce-dev.ie.edu\/es\/wp-json\/wp\/v2\/product\/88216","targetHints":{"allow":["GET"]}}],"collection":[{"href":"https:\/\/origin-commerce-dev.ie.edu\/es\/wp-json\/wp\/v2\/product"}],"about":[{"href":"https:\/\/origin-commerce-dev.ie.edu\/es\/wp-json\/wp\/v2\/types\/product"}],"replies":[{"embeddable":true,"href":"https:\/\/origin-commerce-dev.ie.edu\/es\/wp-json\/wp\/v2\/comments?post=88216"}],"wp:featuredmedia":[{"embeddable":true,"href":"https:\/\/origin-commerce-dev.ie.edu\/es\/wp-json\/wp\/v2\/media\/120071"}],"wp:attachment":[{"href":"https:\/\/origin-commerce-dev.ie.edu\/es\/wp-json\/wp\/v2\/media?parent=88216"}],"wp:term":[{"taxonomy":"product_brand","embeddable":true,"href":"https:\/\/origin-commerce-dev.ie.edu\/es\/wp-json\/wp\/v2\/product_brand?post=88216"},{"taxonomy":"product_cat","embeddable":true,"href":"https:\/\/origin-commerce-dev.ie.edu\/es\/wp-json\/wp\/v2\/product_cat?post=88216"},{"taxonomy":"product_tag","embeddable":true,"href":"https:\/\/origin-commerce-dev.ie.edu\/es\/wp-json\/wp\/v2\/product_tag?post=88216"}],"curies":[{"name":"wp","href":"https:\/\/api.w.org\/{rel}","templated":true}]}}