{"id":63677,"date":"2020-06-15T20:59:19","date_gmt":"2020-06-15T18:59:39","guid":{"rendered":"https:\/\/origin-commerce-dev.ie.edu\/?post_type=product&#038;p=63677"},"modified":"2021-10-31T08:08:44","modified_gmt":"2021-10-31T07:08:44","slug":"chaqueta-con-capucha-amazona-ie-university","status":"publish","type":"product","link":"https:\/\/origin-commerce-dev.ie.edu\/es\/producto\/mujer\/sudaderas-mujer\/chaqueta-con-capucha-amazona-ie-university\/","title":{"rendered":"Chaqueta Con Capucha Amazona IE University"},"content":{"rendered":"","protected":false},"excerpt":{"rendered":"<p>Chaqueta con capucha Amazona IE University fabricada en 100% algod\u00f3n org\u00e1nico. Efecto lavado.<\/p>\n<p>&nbsp;<\/p>\n<p><em>Importante: Esta prenda tiene unas medidas m\u00e1s peque\u00f1as de lo habitual. Es posible que necesite una talla mayor a la que est\u00e9 acostumbrado.<\/em><\/p>\n","protected":false},"featured_media":65235,"comment_status":"closed","ping_status":"closed","template":"","meta":{"_seopress_robots_primary_cat":"","_seopress_titles_title":"","_seopress_titles_desc":"","_seopress_robots_index":""},"product_brand":[],"product_cat":[562,202,279],"product_tag":[],"class_list":{"0":"post-63677","1":"product","2":"type-product","3":"status-publish","4":"has-post-thumbnail","6":"product_cat-new-in-es","7":"product_cat-mujer","8":"product_cat-sudaderas-mujer","9":"pa_colour-amarillo","10":"pa_colour-celeste","11":"pa_colour-gris","12":"pa_colour-navy-es","14":"first","15":"instock","16":"shipping-taxable","17":"purchasable","18":"product-type-variable","19":"add-to-wishlist-after_add_to_cart","20":"thumb-has-effect","21":"prod-rating-off"},"_links":{"self":[{"href":"https:\/\/origin-commerce-dev.ie.edu\/es\/wp-json\/wp\/v2\/product\/63677","targetHints":{"allow":["GET"]}}],"collection":[{"href":"https:\/\/origin-commerce-dev.ie.edu\/es\/wp-json\/wp\/v2\/product"}],"about":[{"href":"https:\/\/origin-commerce-dev.ie.edu\/es\/wp-json\/wp\/v2\/types\/product"}],"replies":[{"embeddable":true,"href":"https:\/\/origin-commerce-dev.ie.edu\/es\/wp-json\/wp\/v2\/comments?post=63677"}],"wp:featuredmedia":[{"embeddable":true,"href":"https:\/\/origin-commerce-dev.ie.edu\/es\/wp-json\/wp\/v2\/media\/65235"}],"wp:attachment":[{"href":"https:\/\/origin-commerce-dev.ie.edu\/es\/wp-json\/wp\/v2\/media?parent=63677"}],"wp:term":[{"taxonomy":"product_brand","embeddable":true,"href":"https:\/\/origin-commerce-dev.ie.edu\/es\/wp-json\/wp\/v2\/product_brand?post=63677"},{"taxonomy":"product_cat","embeddable":true,"href":"https:\/\/origin-commerce-dev.ie.edu\/es\/wp-json\/wp\/v2\/product_cat?post=63677"},{"taxonomy":"product_tag","embeddable":true,"href":"https:\/\/origin-commerce-dev.ie.edu\/es\/wp-json\/wp\/v2\/product_tag?post=63677"}],"curies":[{"name":"wp","href":"https:\/\/api.w.org\/{rel}","templated":true}]}}