{"id":62903,"date":"2020-05-28T23:15:07","date_gmt":"2020-05-28T21:15:07","guid":{"rendered":"https:\/\/origin-commerce-dev.ie.edu\/?post_type=product&#038;p=62903"},"modified":"2021-11-15T06:17:33","modified_gmt":"2021-11-15T05:17:33","slug":"popsocket-ie-global-and-public-affairs","status":"publish","type":"product","link":"https:\/\/origin-commerce-dev.ie.edu\/es\/producto\/accessorios\/generico\/popsocket-ie-global-and-public-affairs\/","title":{"rendered":"Popsocket IE Global and Public Affairs"},"content":{"rendered":"","protected":false},"excerpt":{"rendered":"<p>Popsocket para dispositivo m\u00f3vil. El agarre y soporte se adhieren al t\u00e9lefono pudi\u00e9ndose posicionar para dar mayor comodidad. Incluye soporte para el coche.<\/p>\n","protected":false},"featured_media":62898,"comment_status":"closed","ping_status":"closed","template":"","meta":{"_seopress_robots_primary_cat":"","_seopress_titles_title":"","_seopress_titles_desc":"","_seopress_robots_index":""},"product_brand":[],"product_cat":[201,240],"product_tag":[],"class_list":{"0":"post-62903","1":"product","2":"type-product","3":"status-publish","4":"has-post-thumbnail","6":"product_cat-accessorios","7":"product_cat-generico","8":"pa_colour-blanco","10":"first","11":"instock","12":"shipping-taxable","13":"purchasable","14":"product-type-simple","15":"add-to-wishlist-after_add_to_cart","16":"thumb-has-effect","17":"prod-rating-off"},"_links":{"self":[{"href":"https:\/\/origin-commerce-dev.ie.edu\/es\/wp-json\/wp\/v2\/product\/62903","targetHints":{"allow":["GET"]}}],"collection":[{"href":"https:\/\/origin-commerce-dev.ie.edu\/es\/wp-json\/wp\/v2\/product"}],"about":[{"href":"https:\/\/origin-commerce-dev.ie.edu\/es\/wp-json\/wp\/v2\/types\/product"}],"replies":[{"embeddable":true,"href":"https:\/\/origin-commerce-dev.ie.edu\/es\/wp-json\/wp\/v2\/comments?post=62903"}],"wp:featuredmedia":[{"embeddable":true,"href":"https:\/\/origin-commerce-dev.ie.edu\/es\/wp-json\/wp\/v2\/media\/62898"}],"wp:attachment":[{"href":"https:\/\/origin-commerce-dev.ie.edu\/es\/wp-json\/wp\/v2\/media?parent=62903"}],"wp:term":[{"taxonomy":"product_brand","embeddable":true,"href":"https:\/\/origin-commerce-dev.ie.edu\/es\/wp-json\/wp\/v2\/product_brand?post=62903"},{"taxonomy":"product_cat","embeddable":true,"href":"https:\/\/origin-commerce-dev.ie.edu\/es\/wp-json\/wp\/v2\/product_cat?post=62903"},{"taxonomy":"product_tag","embeddable":true,"href":"https:\/\/origin-commerce-dev.ie.edu\/es\/wp-json\/wp\/v2\/product_tag?post=62903"}],"curies":[{"name":"wp","href":"https:\/\/api.w.org\/{rel}","templated":true}]}}