{"id":62674,"date":"2020-05-28T12:49:21","date_gmt":"2020-05-28T10:52:09","guid":{"rendered":"https:\/\/origin-commerce-dev.ie.edu\/?post_type=product&#038;p=62674"},"modified":"2021-11-15T06:17:40","modified_gmt":"2021-11-15T05:17:40","slug":"sudadera-ie-university-2","status":"publish","type":"product","link":"https:\/\/origin-commerce-dev.ie.edu\/es\/producto\/mujer\/sudaderas-mujer\/sudadera-ie-university-2\/","title":{"rendered":"Sudadera IE University"},"content":{"rendered":"","protected":false},"excerpt":{"rendered":"<p>Sudadera IE University hecha de materiales reciclados.<br \/>\nComposici\u00f3n: 85% algod\u00f3n org\u00e1nico, 15% poli\u00e9ster de origen reciclado.<\/p>\n","protected":false},"featured_media":62665,"comment_status":"closed","ping_status":"closed","template":"","meta":{"_seopress_robots_primary_cat":"","_seopress_titles_title":"","_seopress_titles_desc":"","_seopress_robots_index":""},"product_brand":[],"product_cat":[202,279],"product_tag":[],"class_list":{"0":"post-62674","1":"product","2":"type-product","3":"status-publish","4":"has-post-thumbnail","6":"product_cat-mujer","7":"product_cat-sudaderas-mujer","8":"pa_colour-gris","9":"pa_colour-navy-es","11":"first","12":"instock","13":"shipping-taxable","14":"purchasable","15":"product-type-variable","16":"add-to-wishlist-after_add_to_cart","17":"thumb-has-effect","18":"prod-rating-off"},"_links":{"self":[{"href":"https:\/\/origin-commerce-dev.ie.edu\/es\/wp-json\/wp\/v2\/product\/62674","targetHints":{"allow":["GET"]}}],"collection":[{"href":"https:\/\/origin-commerce-dev.ie.edu\/es\/wp-json\/wp\/v2\/product"}],"about":[{"href":"https:\/\/origin-commerce-dev.ie.edu\/es\/wp-json\/wp\/v2\/types\/product"}],"replies":[{"embeddable":true,"href":"https:\/\/origin-commerce-dev.ie.edu\/es\/wp-json\/wp\/v2\/comments?post=62674"}],"wp:featuredmedia":[{"embeddable":true,"href":"https:\/\/origin-commerce-dev.ie.edu\/es\/wp-json\/wp\/v2\/media\/62665"}],"wp:attachment":[{"href":"https:\/\/origin-commerce-dev.ie.edu\/es\/wp-json\/wp\/v2\/media?parent=62674"}],"wp:term":[{"taxonomy":"product_brand","embeddable":true,"href":"https:\/\/origin-commerce-dev.ie.edu\/es\/wp-json\/wp\/v2\/product_brand?post=62674"},{"taxonomy":"product_cat","embeddable":true,"href":"https:\/\/origin-commerce-dev.ie.edu\/es\/wp-json\/wp\/v2\/product_cat?post=62674"},{"taxonomy":"product_tag","embeddable":true,"href":"https:\/\/origin-commerce-dev.ie.edu\/es\/wp-json\/wp\/v2\/product_tag?post=62674"}],"curies":[{"name":"wp","href":"https:\/\/api.w.org\/{rel}","templated":true}]}}