{"id":62637,"date":"2020-05-28T11:41:51","date_gmt":"2020-05-28T09:42:31","guid":{"rendered":"https:\/\/origin-commerce-dev.ie.edu\/?post_type=product&#038;p=62637"},"modified":"2021-11-19T14:26:34","modified_gmt":"2021-11-19T13:26:34","slug":"sudadera-changer-ie-university","status":"publish","type":"product","link":"https:\/\/origin-commerce-dev.ie.edu\/es\/producto\/hombre\/sudaderas-hombre\/sudadera-changer-ie-university\/","title":{"rendered":"Sudadera Changer IE University"},"content":{"rendered":"","protected":false},"excerpt":{"rendered":"<p>Sudadera IE University School fabricada en 85% algod\u00f3n org\u00e1nico y 15% poli\u00e9ster de origen reciclado.<\/p>\n","protected":false},"featured_media":62634,"comment_status":"closed","ping_status":"closed","template":"","meta":{"_seopress_robots_primary_cat":"","_seopress_titles_title":"","_seopress_titles_desc":"","_seopress_robots_index":""},"product_brand":[],"product_cat":[397,203,252],"product_tag":[],"class_list":{"0":"post-62637","1":"product","2":"type-product","3":"status-publish","4":"has-post-thumbnail","6":"product_cat-unisex-es","7":"product_cat-hombre","8":"product_cat-sudaderas-hombre","9":"pa_colour-gris","10":"pa_colour-navy-es","12":"first","13":"instock","14":"shipping-taxable","15":"purchasable","16":"product-type-variable","17":"add-to-wishlist-after_add_to_cart","18":"thumb-has-effect","19":"prod-rating-off"},"_links":{"self":[{"href":"https:\/\/origin-commerce-dev.ie.edu\/es\/wp-json\/wp\/v2\/product\/62637","targetHints":{"allow":["GET"]}}],"collection":[{"href":"https:\/\/origin-commerce-dev.ie.edu\/es\/wp-json\/wp\/v2\/product"}],"about":[{"href":"https:\/\/origin-commerce-dev.ie.edu\/es\/wp-json\/wp\/v2\/types\/product"}],"replies":[{"embeddable":true,"href":"https:\/\/origin-commerce-dev.ie.edu\/es\/wp-json\/wp\/v2\/comments?post=62637"}],"wp:featuredmedia":[{"embeddable":true,"href":"https:\/\/origin-commerce-dev.ie.edu\/es\/wp-json\/wp\/v2\/media\/62634"}],"wp:attachment":[{"href":"https:\/\/origin-commerce-dev.ie.edu\/es\/wp-json\/wp\/v2\/media?parent=62637"}],"wp:term":[{"taxonomy":"product_brand","embeddable":true,"href":"https:\/\/origin-commerce-dev.ie.edu\/es\/wp-json\/wp\/v2\/product_brand?post=62637"},{"taxonomy":"product_cat","embeddable":true,"href":"https:\/\/origin-commerce-dev.ie.edu\/es\/wp-json\/wp\/v2\/product_cat?post=62637"},{"taxonomy":"product_tag","embeddable":true,"href":"https:\/\/origin-commerce-dev.ie.edu\/es\/wp-json\/wp\/v2\/product_tag?post=62637"}],"curies":[{"name":"wp","href":"https:\/\/api.w.org\/{rel}","templated":true}]}}