{"id":17885,"date":"2018-06-12T06:53:39","date_gmt":"2018-06-11T23:53:39","guid":{"rendered":"https:\/\/origin-commerce-dev.ie.edu\/about-us\/"},"modified":"2019-07-30T13:55:52","modified_gmt":"2019-07-30T11:55:52","slug":"nosotros","status":"publish","type":"page","link":"https:\/\/origin-commerce-dev.ie.edu\/es\/nosotros\/","title":{"rendered":"Sobre nosotros"},"content":{"rendered":"<p>[vc_row full_width=&#8221;stretch_row_content&#8221; css=&#8221;.vc_custom_1558604419686{background-position: center !important;background-repeat: no-repeat !important;background-size: cover !important;}&#8221;][vc_column la_animation_duration=&#8221;1&#8243; la_animation_delay=&#8221;0&#8243; la_animation_iteration_count=&#8221;1&#8243; css=&#8221;.vc_custom_1559125384747{margin-right: 50px !important;margin-left: 50px !important;}&#8221;]<div id=\"la_divider69d4f303bc205\" class=\"js-el la-divider la-unit-responsive\" data-la_component=\"UnitResponsive\"  data-el_target='#la_divider69d4f303bc205'  data-el_media_sizes='{&quot;padding-top&quot;:&quot;lg:15px;&quot;}' ><\/div>\n<div id=\"la_heading_69d4f303bc29f\" class=\"la-headings text-left vc_custom_1559125587517\"><div class=\"js-el subheading-tag la-unit-responsive\" style=\"\"  data-la_component=\"UnitResponsive\"  data-el_target='#la_heading_69d4f303bc29f .subheading-tag'  data-el_media_sizes='{&quot;font-size&quot;:&quot;lg:16px;&quot;,&quot;line-height&quot;:&quot;lg:24px;&quot;}' ><p><b>So\u00f1amos con un mundo mejor<\/b>. Un mundo en el que todas las <b>personas<\/b>\u00a0tengan acceso a la\u00a0<b>educaci\u00f3n de calidad <\/b>y sean\u00a0<b>conscientes del impacto positivo\u00a0<\/b>de sus acciones.<\/p>\n<\/div><\/div>\n<div id=\"la_divider69d4f303bc306\" class=\"js-el la-divider la-unit-responsive\" data-la_component=\"UnitResponsive\"  data-el_target='#la_divider69d4f303bc306'  data-el_media_sizes='{&quot;padding-top&quot;:&quot;lg:15px;&quot;}' ><\/div>\n<div id=\"la_heading_69d4f303bc334\" class=\"la-headings text-left\"><div class=\"js-el subheading-tag la-unit-responsive\" style=\"\"  data-la_component=\"UnitResponsive\"  data-el_target='#la_heading_69d4f303bc334 .subheading-tag'  data-el_media_sizes='{&quot;font-size&quot;:&quot;lg:16px;&quot;,&quot;line-height&quot;:&quot;lg:24px;&quot;}' ><p>Un mundo que no cuente sus d\u00edas por culpa de la falta de conciencia humana.<\/p>\n<\/div><\/div>\n<div id=\"la_divider69d4f303bc47c\" class=\"js-el la-divider la-unit-responsive\" data-la_component=\"UnitResponsive\"  data-el_target='#la_divider69d4f303bc47c'  data-el_media_sizes='{&quot;padding-top&quot;:&quot;lg:20px;&quot;}' ><\/div>\n<div id=\"la_heading_69d4f303bc4a9\" class=\"la-headings text-left\"><div class=\"js-el subheading-tag la-unit-responsive\" style=\"\"  data-la_component=\"UnitResponsive\"  data-el_target='#la_heading_69d4f303bc4a9 .subheading-tag'  data-el_media_sizes='{&quot;font-size&quot;:&quot;lg:16px;&quot;,&quot;line-height&quot;:&quot;lg:24px;&quot;}' ><p>Puedes hacer que\u00a0<b>tus ideas se hagan realidad<\/b>.<br \/>\nEs lo que llamamos innovaci\u00f3n.<br \/>\nQuieres\u00a0<b>evolucionar y re dise\u00f1ar<\/b>\u00a0la forma en que haces las cosas.<br \/>\nPuedes\u00a0<b>vivir de manera sostenible<\/b> y marcar la diferencia, satisfaciendo tus necesidades sin comprometer el futuro de las siguientes generaciones.<\/p>\n<\/div><\/div>\n<div id=\"la_divider69d4f303bc4f0\" class=\"js-el la-divider la-unit-responsive\" data-la_component=\"UnitResponsive\"  data-el_target='#la_divider69d4f303bc4f0'  data-el_media_sizes='{&quot;padding-top&quot;:&quot;lg:15px;&quot;}' ><\/div>\n<div id=\"la_heading_69d4f303bc517\" class=\"la-headings text-left\"><div class=\"js-el subheading-tag la-unit-responsive\" style=\"\"  data-la_component=\"UnitResponsive\"  data-el_target='#la_heading_69d4f303bc517 .subheading-tag'  data-el_media_sizes='{&quot;font-size&quot;:&quot;lg:20px;&quot;,&quot;line-height&quot;:&quot;lg:24px;&quot;}' ><p>&nbsp;<\/p>\n<p style=\"text-align: center;\"><strong>Quieres marcar la diferencia; <\/strong><strong>nosotros sabemos c\u00f3mo empezar.<\/strong><\/p>\n<p>&nbsp;<\/p>\n<p style=\"text-align: center;\">___________<\/p>\n<\/div><\/div>\n[\/vc_column][\/vc_row][vc_row][vc_column][vc_column_text]<\/p>\n<h1 style=\"text-align: center;\">Materiales Reciclados<\/h1>\n<p style=\"text-align: center;\">IE Store demuestra su compromiso con la innovaci\u00f3n mediante el lanzamiento de una nueva Concept Store.<\/p>\n<p>[\/vc_column_text][\/vc_column][\/vc_row][vc_row][vc_column width=&#8221;1\/4&#8243;][vc_single_image image=&#8221;18111&#8243;][vc_column_text]<\/p>\n<p style=\"text-align: left;\">Tejidos hechos a partir de botellas de pl\u00e1stico.<\/p>\n<p>[\/vc_column_text][\/vc_column][vc_column width=&#8221;1\/4&#8243;][vc_single_image image=&#8221;18107&#8243;][vc_column_text]<\/p>\n<p style=\"text-align: left;\">Tejidos hechos a partir de algod\u00f3n postindustrial reciclado.<\/p>\n<p>[\/vc_column_text][\/vc_column][vc_column width=&#8221;1\/4&#8243;][vc_single_image image=&#8221;18109&#8243;][vc_column_text]Tejidos hechos a partir de redes de pesca recicladas.[\/vc_column_text][\/vc_column][vc_column width=&#8221;1\/4&#8243;][vc_single_image image=&#8221;18113&#8243;][vc_column_text]Suelas hechas a partir de neum\u00e1ticos reciclados.[\/vc_column_text][\/vc_column][\/vc_row][vc_row][vc_column]<div id=\"la_divider69d4f303bc561\" class=\"js-el la-divider la-unit-responsive\" data-la_component=\"UnitResponsive\"  data-el_target='#la_divider69d4f303bc561'  data-el_media_sizes='{&quot;padding-top&quot;:&quot;lg:110px;&quot;}' ><\/div>\n[\/vc_column][\/vc_row][vc_row][vc_column width=&#8221;1\/2&#8243;]<div id=\"la_divider69d4f303bc585\" class=\"js-el la-divider la-unit-responsive\" data-la_component=\"UnitResponsive\"  data-el_target='#la_divider69d4f303bc585'  data-el_media_sizes='{&quot;padding-top&quot;:&quot;lg:15px;&quot;}' ><\/div>\n<div id=\"la_heading_69d4f303bc5ac\" class=\"la-headings text-left\"><h2 class=\"js-el heading-tag la-unit-responsive\" style=\"\" >\/\/. Innovaci\u00f3n<\/h2><\/div>\n<div id=\"la_divider69d4f303bc5c9\" class=\"js-el la-divider la-unit-responsive\" data-la_component=\"UnitResponsive\"  data-el_target='#la_divider69d4f303bc5c9'  data-el_media_sizes='{&quot;padding-top&quot;:&quot;lg:15px;&quot;}' ><\/div>\n<div id=\"la_heading_69d4f303bc5ed\" class=\"la-headings text-left\"><div class=\"js-el subheading-tag la-unit-responsive\" style=\"\"  data-la_component=\"UnitResponsive\"  data-el_target='#la_heading_69d4f303bc5ed .subheading-tag'  data-el_media_sizes='{&quot;font-size&quot;:&quot;lg:12px;&quot;,&quot;line-height&quot;:&quot;lg:24px;&quot;}' ><h4>\u00bfSab\u00edas que una botella de pl\u00e1stico tarda 450 a\u00f1os en degradarse,<\/h4>\n<\/div><\/div>\n<div id=\"la_divider69d4f303bc62a\" class=\"js-el la-divider la-unit-responsive\" data-la_component=\"UnitResponsive\"  data-el_target='#la_divider69d4f303bc62a'  data-el_media_sizes='{&quot;padding-top&quot;:&quot;lg:20px;&quot;}' ><\/div>\n<div id=\"la_heading_69d4f303bc652\" class=\"la-headings text-left\"><div class=\"js-el subheading-tag la-unit-responsive\" style=\"\"  data-la_component=\"UnitResponsive\"  data-el_target='#la_heading_69d4f303bc652 .subheading-tag'  data-el_media_sizes='{&quot;font-size&quot;:&quot;lg:12px;&quot;,&quot;line-height&quot;:&quot;lg:24px;&quot;}' ><p>pero que con 5 podr\u00edas obtener una mochila nueva?<\/p>\n<\/div><\/div>\n[\/vc_column][vc_column width=&#8221;1\/2&#8243;]<div id=\"la_divider69d4f303bc68e\" class=\"js-el la-divider la-unit-responsive\" data-la_component=\"UnitResponsive\"  data-el_target='#la_divider69d4f303bc68e'  data-el_media_sizes='{&quot;padding-top&quot;:&quot;lg:5px;&quot;}' ><\/div>\n[vc_single_image image=&#8221;18129&#8243; img_size=&#8221;full&#8221;][\/vc_column][\/vc_row][vc_row][vc_column]<div id=\"la_divider69d4f303bc6b1\" class=\"js-el la-divider la-unit-responsive\" data-la_component=\"UnitResponsive\"  data-el_target='#la_divider69d4f303bc6b1'  data-el_media_sizes='{&quot;padding-top&quot;:&quot;lg:110px;&quot;}' ><\/div>\n[\/vc_column][\/vc_row][vc_row][vc_column width=&#8221;1\/2&#8243;]<div id=\"la_divider69d4f303bc6d2\" class=\"js-el la-divider la-unit-responsive\" data-la_component=\"UnitResponsive\"  data-el_target='#la_divider69d4f303bc6d2'  data-el_media_sizes='{&quot;padding-top&quot;:&quot;lg:5px;&quot;}' ><\/div>\n[vc_single_image image=&#8221;18131&#8243; img_size=&#8221;full&#8221;][\/vc_column][vc_column width=&#8221;1\/2&#8243;]<div id=\"la_divider69d4f303bc6f3\" class=\"js-el la-divider la-unit-responsive\" data-la_component=\"UnitResponsive\"  data-el_target='#la_divider69d4f303bc6f3'  data-el_media_sizes='{&quot;padding-top&quot;:&quot;lg:15px;&quot;}' ><\/div>\n<div id=\"la_heading_69d4f303bc718\" class=\"la-headings text-left\"><h2 class=\"js-el heading-tag la-unit-responsive\" style=\"\" >\/\/. Sostenibilidad<\/h2><\/div>\n<div id=\"la_divider69d4f303bc738\" class=\"js-el la-divider la-unit-responsive\" data-la_component=\"UnitResponsive\"  data-el_target='#la_divider69d4f303bc738'  data-el_media_sizes='{&quot;padding-top&quot;:&quot;lg:15px;&quot;}' ><\/div>\n<div id=\"la_heading_69d4f303bc760\" class=\"la-headings text-left\"><div class=\"js-el subheading-tag la-unit-responsive\" style=\"\"  data-la_component=\"UnitResponsive\"  data-el_target='#la_heading_69d4f303bc760 .subheading-tag'  data-el_media_sizes='{&quot;font-size&quot;:&quot;lg:12px;&quot;,&quot;line-height&quot;:&quot;lg:24px;&quot;}' ><h4>\u00bfSab\u00edas que para obtener un kilo de algod\u00f3n pueden llegar a utilizarse m\u00e1s de 20.000 litros de agua?<\/h4>\n<\/div><\/div>\n<div id=\"la_divider69d4f303bc79b\" class=\"js-el la-divider la-unit-responsive\" data-la_component=\"UnitResponsive\"  data-el_target='#la_divider69d4f303bc79b'  data-el_media_sizes='{&quot;padding-top&quot;:&quot;lg:20px;&quot;}' ><\/div>\n<div id=\"la_heading_69d4f303bc7c0\" class=\"la-headings text-left\"><div class=\"js-el subheading-tag la-unit-responsive\" style=\"\"  data-la_component=\"UnitResponsive\"  data-el_target='#la_heading_69d4f303bc7c0 .subheading-tag'  data-el_media_sizes='{&quot;font-size&quot;:&quot;lg:12px;&quot;,&quot;line-height&quot;:&quot;lg:24px;&quot;}' ><p>\u00a1As\u00ed es! 2.700 litros de agua para una sola camiseta.<\/p>\n<\/div><\/div>\n[\/vc_column][\/vc_row][vc_row][vc_column]<div id=\"la_divider69d4f303bc7f7\" class=\"js-el la-divider la-unit-responsive\" data-la_component=\"UnitResponsive\"  data-el_target='#la_divider69d4f303bc7f7'  data-el_media_sizes='{&quot;padding-top&quot;:&quot;lg:110px;&quot;}' ><\/div>\n[\/vc_column][\/vc_row][vc_row][vc_column width=&#8221;1\/2&#8243;]<div id=\"la_divider69d4f303bc825\" class=\"js-el la-divider la-unit-responsive\" data-la_component=\"UnitResponsive\"  data-el_target='#la_divider69d4f303bc825'  data-el_media_sizes='{&quot;padding-top&quot;:&quot;lg:15px;&quot;}' ><\/div>\n<div id=\"la_heading_69d4f303bc852\" class=\"la-headings text-left\"><h2 class=\"js-el heading-tag la-unit-responsive\" style=\"\" >\/\/. Reciclaje<\/h2><\/div>\n<div id=\"la_divider69d4f303bc86d\" class=\"js-el la-divider la-unit-responsive\" data-la_component=\"UnitResponsive\"  data-el_target='#la_divider69d4f303bc86d'  data-el_media_sizes='{&quot;padding-top&quot;:&quot;lg:15px;&quot;}' ><\/div>\n<div id=\"la_heading_69d4f303bc897\" class=\"la-headings text-left\"><div class=\"js-el subheading-tag la-unit-responsive\" style=\"\"  data-la_component=\"UnitResponsive\"  data-el_target='#la_heading_69d4f303bc897 .subheading-tag'  data-el_media_sizes='{&quot;font-size&quot;:&quot;lg:12px;&quot;,&quot;line-height&quot;:&quot;lg:24px;&quot;}' ><h4>\u00bfSab\u00edas que 650.000 toneladas de redes de pesca se dejan en el fondo de nuestros oc\u00e9anos,<\/h4>\n<\/div><\/div>\n<div id=\"la_divider69d4f303bc8d1\" class=\"js-el la-divider la-unit-responsive\" data-la_component=\"UnitResponsive\"  data-el_target='#la_divider69d4f303bc8d1'  data-el_media_sizes='{&quot;padding-top&quot;:&quot;lg:20px;&quot;}' ><\/div>\n<div id=\"la_heading_69d4f303bc8f5\" class=\"la-headings text-left\"><div class=\"js-el subheading-tag la-unit-responsive\" style=\"\"  data-la_component=\"UnitResponsive\"  data-el_target='#la_heading_69d4f303bc8f5 .subheading-tag'  data-el_media_sizes='{&quot;font-size&quot;:&quot;lg:12px;&quot;,&quot;line-height&quot;:&quot;lg:24px;&quot;}' ><p>siendo causantes de la muerte de millones de animales, cuando podr\u00edan ser recicladas para crear un plumifero?<\/p>\n<\/div><\/div>\n[\/vc_column][vc_column width=&#8221;1\/2&#8243;]<div id=\"la_divider69d4f303bc92b\" class=\"js-el la-divider la-unit-responsive\" data-la_component=\"UnitResponsive\"  data-el_target='#la_divider69d4f303bc92b'  data-el_media_sizes='{&quot;padding-top&quot;:&quot;lg:5px;&quot;}' ><\/div>\n[vc_single_image image=&#8221;18133&#8243; img_size=&#8221;full&#8221;][\/vc_column][\/vc_row][vc_row][vc_column]<div id=\"la_divider69d4f303bc94c\" class=\"js-el la-divider la-unit-responsive\" data-la_component=\"UnitResponsive\"  data-el_target='#la_divider69d4f303bc94c'  data-el_media_sizes='{&quot;padding-top&quot;:&quot;lg:110px;&quot;}' ><\/div>\n[\/vc_column][\/vc_row][vc_row][vc_column][vc_column_text]<\/p>\n<h2 style=\"text-align: center;\">S\u00e9 parte de la comunidad. Difunde el mensaje.<br \/>\nMarca la diferencia.<\/h2>\n<p>[\/vc_column_text][\/vc_column][\/vc_row]<\/p>\n","protected":false},"excerpt":{"rendered":"<p>[vc_row full_width=&#8221;stretch_row_content&#8221; css=&#8221;.vc_custom_1558604419686{background-position: center !important;background-repeat: no-repeat !important;background-size: cover !important;}&#8221;][vc_column la_animation_duration=&#8221;1&#8243; la_animation_delay=&#8221;0&#8243; la_animation_iteration_count=&#8221;1&#8243; css=&#8221;.vc_custom_1559125384747{margin-right: 50px !important;margin-left: 50px !important;}&#8221;][\/vc_column][\/vc_row][vc_row][vc_column][vc_column_text] Materiales Reciclados IE Store demuestra su compromiso con la innovaci\u00f3n mediante el lanzamiento&hellip;<\/p>\n","protected":false},"author":1,"featured_media":0,"parent":0,"menu_order":0,"comment_status":"closed","ping_status":"closed","template":"","meta":{"_seopress_robots_primary_cat":"","_seopress_titles_title":"Sobre nosotros | IE Store","_seopress_titles_desc":"IE Store demuestra su compromiso con la innovaci\u00f3n mediante el lanzamiento de una nueva Concept Store.","_seopress_robots_index":"","footnotes":""},"class_list":["post-17885","page","type-page","status-publish","hentry"],"_links":{"self":[{"href":"https:\/\/origin-commerce-dev.ie.edu\/es\/wp-json\/wp\/v2\/pages\/17885","targetHints":{"allow":["GET"]}}],"collection":[{"href":"https:\/\/origin-commerce-dev.ie.edu\/es\/wp-json\/wp\/v2\/pages"}],"about":[{"href":"https:\/\/origin-commerce-dev.ie.edu\/es\/wp-json\/wp\/v2\/types\/page"}],"author":[{"embeddable":true,"href":"https:\/\/origin-commerce-dev.ie.edu\/es\/wp-json\/wp\/v2\/users\/1"}],"replies":[{"embeddable":true,"href":"https:\/\/origin-commerce-dev.ie.edu\/es\/wp-json\/wp\/v2\/comments?post=17885"}],"version-history":[{"count":16,"href":"https:\/\/origin-commerce-dev.ie.edu\/es\/wp-json\/wp\/v2\/pages\/17885\/revisions"}],"predecessor-version":[{"id":21682,"href":"https:\/\/origin-commerce-dev.ie.edu\/es\/wp-json\/wp\/v2\/pages\/17885\/revisions\/21682"}],"wp:attachment":[{"href":"https:\/\/origin-commerce-dev.ie.edu\/es\/wp-json\/wp\/v2\/media?parent=17885"}],"curies":[{"name":"wp","href":"https:\/\/api.w.org\/{rel}","templated":true}]}}