{"id":17808,"date":"2018-06-12T07:22:23","date_gmt":"2018-06-12T05:22:23","guid":{"rendered":"https:\/\/origin-commerce-dev.ie.edu\/contact\/"},"modified":"2019-07-30T14:00:52","modified_gmt":"2019-07-30T12:00:52","slug":"contacto","status":"publish","type":"page","link":"https:\/\/origin-commerce-dev.ie.edu\/es\/contacto\/","title":{"rendered":"Contacto"},"content":{"rendered":"<p>[vc_row][vc_column]<div id=\"la_divider69d4f406c5e93\" class=\"js-el la-divider la-unit-responsive\" data-la_component=\"UnitResponsive\"  data-el_target='#la_divider69d4f406c5e93'  data-el_media_sizes='{&quot;padding-top&quot;:&quot;lg:70px;&quot;}' ><\/div>\n[\/vc_column][\/vc_row][vc_row][vc_column width=&#8221;7\/12&#8243; la_animation_duration=&#8221;1&#8243; la_animation_delay=&#8221;0&#8243; la_animation_iteration_count=&#8221;1&#8243;]<div id=\"la_heading_69d4f406c6099\" class=\"la-headings text-left\"><h2 class=\"js-el heading-tag la-unit-responsive\" style=\"\"  data-la_component=\"UnitResponsive\"  data-el_target='#la_heading_69d4f406c6099 .heading-tag'  data-el_media_sizes='{&quot;font-size&quot;:&quot;lg:18px;&quot;,&quot;line-height&quot;:&quot;&quot;}' >Ponte en contacto con nosotros<\/h2><\/div>\n<div id=\"la_divider69d4f406c60cf\" class=\"js-el la-divider la-unit-responsive\" data-la_component=\"UnitResponsive\"  data-el_target='#la_divider69d4f406c60cf'  data-el_media_sizes='{&quot;padding-top&quot;:&quot;lg:30px;&quot;}' ><\/div>\n\n<div class=\"wpcf7 no-js\" id=\"wpcf7-f19335-o1\" lang=\"en-US\" dir=\"ltr\" data-wpcf7-id=\"19335\">\n<div class=\"screen-reader-response\"><p role=\"status\" aria-live=\"polite\" aria-atomic=\"true\"><\/p> <ul><\/ul><\/div>\n<form action=\"\/es\/wp-json\/wp\/v2\/pages\/17808#wpcf7-f19335-o1\" method=\"post\" class=\"wpcf7-form init\" aria-label=\"Contact form\" novalidate=\"novalidate\" data-status=\"init\">\n<fieldset class=\"hidden-fields-container\"><input type=\"hidden\" name=\"_wpcf7\" value=\"19335\" \/><input type=\"hidden\" name=\"_wpcf7_version\" value=\"6.1.4\" \/><input type=\"hidden\" name=\"_wpcf7_locale\" value=\"en_US\" \/><input type=\"hidden\" name=\"_wpcf7_unit_tag\" value=\"wpcf7-f19335-o1\" \/><input type=\"hidden\" name=\"_wpcf7_container_post\" value=\"0\" \/><input type=\"hidden\" name=\"_wpcf7_posted_data_hash\" value=\"\" \/>\n<\/fieldset>\n<div class=\"cf7-style-default\">\n\t<div class=\"row\">\n\t\t<div class=\"col-xs-12\">\n\t\t\t<p><span class=\"wpcf7-form-control-wrap\" data-name=\"your-name\"><input size=\"40\" maxlength=\"400\" class=\"wpcf7-form-control wpcf7-text wpcf7-validates-as-required\" aria-required=\"true\" aria-invalid=\"false\" placeholder=\"Nombre*\" value=\"\" type=\"text\" name=\"your-name\" \/><\/span>\n\t\t\t<\/p>\n\t\t<\/div>\n\t<\/div>\n\t<div class=\"row\">\n\t\t<div class=\"col-xs-12\">\n\t\t\t<p><span class=\"wpcf7-form-control-wrap\" data-name=\"your-email2\"><input size=\"40\" maxlength=\"400\" class=\"wpcf7-form-control wpcf7-email wpcf7-validates-as-required wpcf7-text wpcf7-validates-as-email\" aria-required=\"true\" aria-invalid=\"false\" placeholder=\"Email*\" value=\"\" type=\"email\" name=\"your-email2\" \/><\/span>\n\t\t\t<\/p>\n\t\t<\/div>\n\t<\/div>\n\t<div class=\"row\">\n\t\t<div class=\"col-xs-12\">\n\t\t\t<p><span class=\"wpcf7-form-control-wrap\" data-name=\"your-phone\"><input size=\"40\" maxlength=\"400\" class=\"wpcf7-form-control wpcf7-text\" aria-invalid=\"false\" placeholder=\"Tel\u00e9fono\" value=\"\" type=\"text\" name=\"your-phone\" \/><\/span>\n\t\t\t<\/p>\n\t\t<\/div>\n\t<\/div>\n\t<div class=\"row\">\n\t\t<div class=\"col-xs-12\">\n\t\t\t<p><span class=\"wpcf7-form-control-wrap\" data-name=\"your-message\"><textarea cols=\"40\" rows=\"5\" maxlength=\"2000\" class=\"wpcf7-form-control wpcf7-textarea\" aria-invalid=\"false\" placeholder=\"Mensaje\" name=\"your-message\"><\/textarea><\/span>\n\t\t\t<\/p>\n\t\t<\/div>\n\t<\/div>\n\t<div class=\"row\">\n\t\t<div class=\"col-xs-12\">\n\t\t\t<p><span class=\"wpcf7-form-control-wrap\" data-name=\"acceptance-1\"><span class=\"wpcf7-form-control wpcf7-acceptance\"><span class=\"wpcf7-list-item\"><label><input type=\"checkbox\" name=\"acceptance-1\" value=\"1\" aria-invalid=\"false\" \/><span class=\"wpcf7-list-item-label\">Consiento el tratamiento de mis datos por IE y Fundaci\u00f3n IE (incluso cuando el mismo se realice fuera del EEE), para el env\u00edo de informaci\u00f3n comercial personalizada y\/o sobre actividades, mediante la elaboraci\u00f3n de perfiles basados en la informaci\u00f3n obtenida, incluso de terceros, de conformidad con lo dispuesto en la <a target=\"_blank\" href=\"https:\/\/origin-commerce-dev.ie.edu\/es\/politica-privacidad\/\">Pol\u00edtica de Privacidad<\/a>. Si as\u00ed lo desea, contacte con el DPO de IE y Fundaci\u00f3n IE enviando un email a DataPrivacyOffice@ie.edu.<\/span><\/label><\/span><\/span><\/span>\n\t\t\t<\/p>\n\t\t<\/div>\n\t<\/div>\n\t<div class=\"row\">\n\t\t<div class=\"col-xs-12\">\n\t\t\t<p><input class=\"wpcf7-form-control wpcf7-submit has-spinner btn btn-style-flat btn-color-black btn-shape-square\" type=\"submit\" value=\"ENVIAR\" \/>\n\t\t\t<\/p>\n\t\t<\/div>\n\t<\/div>\n<\/div><div class=\"wpcf7-response-output\" aria-hidden=\"true\"><\/div>\n<\/form>\n<\/div>\n[\/vc_column][vc_column width=&#8221;5\/12&#8243; la_animation_duration=&#8221;1&#8243; la_animation_delay=&#8221;0&#8243; la_animation_iteration_count=&#8221;1&#8243; offset=&#8221;vc_col-lg-offset-1 vc_col-lg-4&#8243;]<div id=\"la_heading_69d4f406d299e\" class=\"la-headings text-left\"><h2 class=\"js-el heading-tag la-unit-responsive\" style=\"\"  data-la_component=\"UnitResponsive\"  data-el_target='#la_heading_69d4f406d299e .heading-tag'  data-el_media_sizes='{&quot;font-size&quot;:&quot;lg:18px;&quot;,&quot;line-height&quot;:&quot;&quot;}' >Informaci\u00f3n de contacto<\/h2><\/div>\n<div id=\"la_divider69d4f406d29f4\" class=\"js-el la-divider la-unit-responsive\" data-la_component=\"UnitResponsive\"  data-el_target='#la_divider69d4f406d29f4'  data-el_media_sizes='{&quot;padding-top&quot;:&quot;lg:25px;&quot;}' ><\/div>\n<div id=\"la_heading_69d4f406d2a24\" class=\"la-headings text-left\"><h3 class=\"js-el heading-tag la-unit-responsive margin-bottom-15\" style=\"\"  data-la_component=\"UnitResponsive\"  data-el_target='#la_heading_69d4f406d2a24 .heading-tag'  data-el_media_sizes='{&quot;font-size&quot;:&quot;lg:14px;&quot;,&quot;line-height&quot;:&quot;lg:18px;&quot;}' >Direcci\u00f3n<\/h3><div class=\"js-el subheading-tag la-unit-responsive\" style=\"\" ><p>Calle de Vel\u00e1zquez, 130, 28006 Madrid<\/p>\n<\/div><\/div>\n<div id=\"la_divider69d4f406d2ab4\" class=\"js-el la-divider la-unit-responsive\" data-la_component=\"UnitResponsive\"  data-el_target='#la_divider69d4f406d2ab4'  data-el_media_sizes='{&quot;padding-top&quot;:&quot;lg:25px;&quot;}' ><\/div>\n<div id=\"la_heading_69d4f406d2ae1\" class=\"la-headings text-left\"><h3 class=\"js-el heading-tag la-unit-responsive margin-bottom-15\" style=\"\"  data-la_component=\"UnitResponsive\"  data-el_target='#la_heading_69d4f406d2ae1 .heading-tag'  data-el_media_sizes='{&quot;font-size&quot;:&quot;lg:14px;&quot;,&quot;line-height&quot;:&quot;lg:18px;&quot;}' >Email<\/h3><div class=\"js-el subheading-tag la-unit-responsive\" style=\"\" ><p><a href=\"mailto:contact.store@ie.edu\">contact.store@ie.edu<\/a><\/p>\n<\/div><\/div>\n<div id=\"la_divider69d4f406d2b27\" class=\"js-el la-divider la-unit-responsive\" data-la_component=\"UnitResponsive\"  data-el_target='#la_divider69d4f406d2b27'  data-el_media_sizes='{&quot;padding-top&quot;:&quot;lg:25px;&quot;}' ><\/div>\n<div id=\"la_heading_69d4f406d2b51\" class=\"la-headings text-left\"><h3 class=\"js-el heading-tag la-unit-responsive margin-bottom-15\" style=\"\"  data-la_component=\"UnitResponsive\"  data-el_target='#la_heading_69d4f406d2b51 .heading-tag'  data-el_media_sizes='{&quot;font-size&quot;:&quot;lg:14px;&quot;,&quot;line-height&quot;:&quot;lg:18px;&quot;}' >Tel\u00e9fono<\/h3><div class=\"js-el subheading-tag la-unit-responsive\" style=\"\" ><p><a href=\"tel:+34915689700\">+34 915689700<\/a><\/p>\n<\/div><\/div>\n<div id=\"la_divider69d4f406d2b90\" class=\"js-el la-divider la-unit-responsive\" data-la_component=\"UnitResponsive\"  data-el_target='#la_divider69d4f406d2b90'  data-el_media_sizes='{&quot;padding-top&quot;:&quot;lg:25px;&quot;}' ><\/div>\n<div id=\"la_heading_69d4f406d2bb8\" class=\"la-headings text-left\"><h3 class=\"js-el heading-tag la-unit-responsive margin-bottom-15\" style=\"\"  data-la_component=\"UnitResponsive\"  data-el_target='#la_heading_69d4f406d2bb8 .heading-tag'  data-el_media_sizes='{&quot;font-size&quot;:&quot;lg:14px;&quot;,&quot;line-height&quot;:&quot;lg:18px;&quot;}' >Horario de apertura<\/h3><div class=\"js-el subheading-tag la-unit-responsive\" style=\"\" ><ul>\n<li>Lun 9am &#8211; 7pm<\/li>\n<li>Mar 9am &#8211; 7pm<\/li>\n<li>Mi\u00e9 9am &#8211; 7pm<\/li>\n<li>Jue 9am &#8211; 7pm<\/li>\n<li>Vie 9am &#8211; 7pm<\/li>\n<li>S\u00e1b Cerrado<\/li>\n<li>Dom Cerrado<\/li>\n<\/ul>\n<\/div><\/div>\n<div id=\"la_divider69d4f406d2c06\" class=\"js-el la-divider la-unit-responsive\" data-la_component=\"UnitResponsive\"  data-el_target='#la_divider69d4f406d2c06'  data-el_media_sizes='{&quot;padding-top&quot;:&quot;lg:25px;&quot;}' ><\/div>\n[\/vc_column][\/vc_row][vc_row full_width=&#8221;stretch_row_content_no_spaces&#8221;][vc_column]<div id=\"la_divider69d4f406d2c2b\" class=\"js-el la-divider la-unit-responsive\" data-la_component=\"UnitResponsive\"  data-el_target='#la_divider69d4f406d2c2b'  data-el_media_sizes='{&quot;padding-top&quot;:&quot;lg:115px;&quot;}' ><\/div>\n<div id=\"wrap_la_maps_69d4f406d2d42\" class=\"la-shortcode-maps\" style=\"min-height:270px\"><div id=\"la_maps_69d4f406d2d42\" class=\"la-maps-inner\" style=\"width:100%;height:270px\"><\/div><\/div><script type='text\/javascript'>\n    (function($) {\n        'use strict';\n        $(window).load(function(){\n            var marker_stores = [{\"lat\":\"40.438437\",\"lng\":\"-3.683883\",\"desc\":\"\",\"icon\":\"https:\\\/\\\/origin-commerce-dev.ie.edu\\\/wp-content\\\/plugins\\\/lastudio\\\/public\\\/images\\\/icon-marker.png\"},{\"lat\":\"21.027764\",\"lng\":\"105.834160\",\"desc\":\"\",\"icon\":\"https:\\\/\\\/origin-commerce-dev.ie.edu\\\/wp-content\\\/plugins\\\/lastudio\\\/public\\\/images\\\/icon-marker.png\"}],\n                preview_infowindow = false,\n                infowindow_open_first = true,\n\n            initMap = function(){\n                var map, center_position, is_draggable, mapOptions, StyledMapType, styleMapValue;\n                is_draggable = $(document).width() > 641 ? true : true;\n                center_position = new google.maps.LatLng(40.438437,-3.683883);\n                mapOptions = {\n                    zoom: 16,\n                    center: center_position,\n                    scaleControl: true,\n                    streetViewControl: false,\n                    mapTypeControl: false,\n                    zoomControl: false,\n                    scrollwheel: true,\n                    draggable: is_draggable,\n                    zoomControlOptions: {\n                        style: google.maps.ZoomControlStyle.SMALL                    },\n                    mapTypeControlOptions:{\n                        mapTypeIds: [google.maps.MapTypeId.ROADMAP, 'map_style']\n                    }\n                };\n                                styleMapValue = [\n                    {\n                        \"featureType\":\"administrative\",\n                        \"elementType\":\"geometry\",\n                        \"stylers\":[\n                            {\n                                \"saturation\":\"2\"\n                            },\n                            {\n                                \"visibility\":\"simplified\"\n                            }\n                        ]\n                    },\n                    {\n                        \"featureType\":\"administrative\",\n                        \"elementType\":\"labels\",\n                        \"stylers\":[\n                            {\n                                \"saturation\":\"-28\"\n                            },\n                            {\n                                \"lightness\":\"-10\"\n                            },\n                            {\n                                \"visibility\":\"on\"\n                            }\n                        ]\n                    },\n                    {\n                        \"featureType\":\"administrative\",\n                        \"elementType\":\"labels.text.fill\",\n                        \"stylers\":[\n                            {\n                                \"color\":\"#444444\"\n                            }\n                        ]\n                    },\n                    {\n                        \"featureType\":\"landscape\",\n                        \"elementType\":\"all\",\n                        \"stylers\":[\n                            {\n                                \"color\":\"#f2f2f2\"\n                            }\n                        ]\n                    },\n                    {\n                        \"featureType\":\"landscape\",\n                        \"elementType\":\"geometry.fill\",\n                        \"stylers\":[\n                            {\n                                \"saturation\":\"-1\"\n                            },\n                            {\n                                \"lightness\":\"-12\"\n                            }\n                        ]\n                    },\n                    {\n                        \"featureType\":\"landscape.natural\",\n                        \"elementType\":\"labels.text\",\n                        \"stylers\":[\n                            {\n                                \"lightness\":\"-31\"\n                            }\n                        ]\n                    },\n                    {\n                        \"featureType\":\"landscape.natural\",\n                        \"elementType\":\"labels.text.fill\",\n                        \"stylers\":[\n                            {\n                                \"lightness\":\"-74\"\n                            }\n                        ]\n                    },\n                    {\n                        \"featureType\":\"landscape.natural\",\n                        \"elementType\":\"labels.text.stroke\",\n                        \"stylers\":[\n                            {\n                                \"lightness\":\"65\"\n                            }\n                        ]\n                    },\n                    {\n                        \"featureType\":\"landscape.natural.landcover\",\n                        \"elementType\":\"geometry\",\n                        \"stylers\":[\n                            {\n                                \"lightness\":\"-15\"\n                            }\n                        ]\n                    },\n                    {\n                        \"featureType\":\"landscape.natural.landcover\",\n                        \"elementType\":\"geometry.fill\",\n                        \"stylers\":[\n                            {\n                                \"lightness\":\"0\"\n                            }\n                        ]\n                    },\n                    {\n                        \"featureType\":\"poi\",\n                        \"elementType\":\"all\",\n                        \"stylers\":[\n                            {\n                                \"visibility\":\"off\"\n                            }\n                        ]\n                    },\n                    {\n                        \"featureType\":\"road\",\n                        \"elementType\":\"all\",\n                        \"stylers\":[\n                            {\n                                \"saturation\":-100\n                            },\n                            {\n                                \"lightness\":45\n                            }\n                        ]\n                    },\n                    {\n                        \"featureType\":\"road\",\n                        \"elementType\":\"geometry\",\n                        \"stylers\":[\n                            {\n                                \"visibility\":\"on\"\n                            },\n                            {\n                                \"saturation\":\"0\"\n                            },\n                            {\n                                \"lightness\":\"-9\"\n                            }\n                        ]\n                    },\n                    {\n                        \"featureType\":\"road\",\n                        \"elementType\":\"geometry.stroke\",\n                        \"stylers\":[\n                            {\n                                \"lightness\":\"-14\"\n                            }\n                        ]\n                    },\n                    {\n                        \"featureType\":\"road\",\n                        \"elementType\":\"labels\",\n                        \"stylers\":[\n                            {\n                                \"lightness\":\"-35\"\n                            },\n                            {\n                                \"gamma\":\"1\"\n                            },\n                            {\n                                \"weight\":\"1.39\"\n                            }\n                        ]\n                    },\n                    {\n                        \"featureType\":\"road\",\n                        \"elementType\":\"labels.text.fill\",\n                        \"stylers\":[\n                            {\n                                \"lightness\":\"-19\"\n                            }\n                        ]\n                    },\n                    {\n                        \"featureType\":\"road\",\n                        \"elementType\":\"labels.text.stroke\",\n                        \"stylers\":[\n                            {\n                                \"lightness\":\"46\"\n                            }\n                        ]\n                    },\n                    {\n                        \"featureType\":\"road.highway\",\n                        \"elementType\":\"all\",\n                        \"stylers\":[\n                            {\n                                \"visibility\":\"simplified\"\n                            }\n                        ]\n                    },\n                    {\n                        \"featureType\":\"road.highway\",\n                        \"elementType\":\"labels.icon\",\n                        \"stylers\":[\n                            {\n                                \"lightness\":\"-13\"\n                            },\n                            {\n                                \"weight\":\"1.23\"\n                            },\n                            {\n                                \"invert_lightness\":true\n                            },\n                            {\n                                \"visibility\":\"simplified\"\n                            },\n                            {\n                                \"hue\":\"#ff0000\"\n                            }\n                        ]\n                    },\n                    {\n                        \"featureType\":\"road.arterial\",\n                        \"elementType\":\"labels.icon\",\n                        \"stylers\":[\n                            {\n                                \"visibility\":\"off\"\n                            }\n                        ]\n                    },\n                    {\n                        \"featureType\":\"transit\",\n                        \"elementType\":\"all\",\n                        \"stylers\":[\n                            {\n                                \"visibility\":\"off\"\n                            }\n                        ]\n                    },\n                    {\n                        \"featureType\":\"water\",\n                        \"elementType\":\"all\",\n                        \"stylers\":[\n                            {\n                                \"color\":\"#adadad\"\n                            },\n                            {\n                                \"visibility\":\"on\"\n                            }\n                        ]\n                    }\n                ];\n                                StyledMapType = new google.maps.StyledMapType(styleMapValue,{name: \"LA-Studio Styled Map\"});\n                map = new google.maps.Map(document.getElementById('la_maps_69d4f406d2d42'),mapOptions);\n                map.mapTypes.set('map_style', StyledMapType);\n                map.setMapTypeId('map_style');\n\n                for (var i = 0; i < marker_stores.length; i++) {\n                    var marker_position = new google.maps.LatLng(marker_stores[i].lat,marker_stores[i].lng);\n                    var marker = new google.maps.Marker({\n                        position: marker_position,\n                        animation:  google.maps.Animation.DROP,\n                        map: map,\n                        icon: marker_stores[i].icon,\n                        zIndex: i+1\n                    });\n                    if(marker_stores[i].desc != null){\n                        var marker_desc = decodeURIComponent(atob(marker_stores[i].desc));\n                        if(marker_desc != ''){\n                            attachSecretMessage(marker, marker_desc);\n                            if(infowindow_open_first && i == 0){\n                                google.maps.event.trigger(marker, 'click');\n                            }\n                        }\n                    }\n                }\n\n                google.maps.event.trigger(map, 'resize');\n                $(window).resize(function(){\n                    google.maps.event.trigger(map, 'resize');\n                    if(map){\n                        map.setCenter(center_position);\n                    }\n                });\n            }\n\n            function attachSecretMessage(marker, secretMessage) {\n                var infowindow = new google.maps.InfoWindow({\n                    content: '<div class=\"map_info_text\">' + secretMessage + '<\/div>'\n                });\n                marker.addListener('click', function() {\n                    if(preview_infowindow){\n                        preview_infowindow.close();\n                    }\n                    preview_infowindow = infowindow;\n                    infowindow.open(marker.get('map'), marker);\n                });\n            }\n\n            if(\"undefined\" != typeof google && \"undefined\" != typeof google.maps){\n                initMap();\n            }\n            else{\n                try{\n                    LA.core.loadDependencies(['https:\/\/maps.googleapis.com\/maps\/api\/js'], function(){\n                        initMap();\n                    })\n                }catch (ex){\n\n                }\n            }\n        });\n\n    })(jQuery);\n<\/script>[\/vc_column][\/vc_row]<\/p>\n","protected":false},"excerpt":{"rendered":"<p>[vc_row][vc_column][\/vc_column][\/vc_row][vc_row][vc_column width=&#8221;7\/12&#8243; la_animation_duration=&#8221;1&#8243; la_animation_delay=&#8221;0&#8243; la_animation_iteration_count=&#8221;1&#8243;][\/vc_column][vc_column width=&#8221;5\/12&#8243; la_animation_duration=&#8221;1&#8243; la_animation_delay=&#8221;0&#8243; la_animation_iteration_count=&#8221;1&#8243; offset=&#8221;vc_col-lg-offset-1 vc_col-lg-4&#8243;][\/vc_column][\/vc_row][vc_row full_width=&#8221;stretch_row_content_no_spaces&#8221;][vc_column][\/vc_column][\/vc_row]<\/p>\n","protected":false},"author":1,"featured_media":0,"parent":0,"menu_order":0,"comment_status":"closed","ping_status":"closed","template":"","meta":{"_seopress_robots_primary_cat":"","_seopress_titles_title":"Contacto | IE Store","_seopress_titles_desc":"Cont\u00e1ctanos para cualquier informaci\u00f3n que puedas necesitar sobre IE Store y sus productos.","_seopress_robots_index":"","footnotes":""},"class_list":["post-17808","page","type-page","status-publish","hentry"],"_links":{"self":[{"href":"https:\/\/origin-commerce-dev.ie.edu\/es\/wp-json\/wp\/v2\/pages\/17808","targetHints":{"allow":["GET"]}}],"collection":[{"href":"https:\/\/origin-commerce-dev.ie.edu\/es\/wp-json\/wp\/v2\/pages"}],"about":[{"href":"https:\/\/origin-commerce-dev.ie.edu\/es\/wp-json\/wp\/v2\/types\/page"}],"author":[{"embeddable":true,"href":"https:\/\/origin-commerce-dev.ie.edu\/es\/wp-json\/wp\/v2\/users\/1"}],"replies":[{"embeddable":true,"href":"https:\/\/origin-commerce-dev.ie.edu\/es\/wp-json\/wp\/v2\/comments?post=17808"}],"version-history":[{"count":16,"href":"https:\/\/origin-commerce-dev.ie.edu\/es\/wp-json\/wp\/v2\/pages\/17808\/revisions"}],"predecessor-version":[{"id":20126,"href":"https:\/\/origin-commerce-dev.ie.edu\/es\/wp-json\/wp\/v2\/pages\/17808\/revisions\/20126"}],"wp:attachment":[{"href":"https:\/\/origin-commerce-dev.ie.edu\/es\/wp-json\/wp\/v2\/media?parent=17808"}],"curies":[{"name":"wp","href":"https:\/\/api.w.org\/{rel}","templated":true}]}}