{"id":17580,"date":"2019-01-16T12:36:59","date_gmt":"2019-01-16T11:36:59","guid":{"rendered":"https:\/\/origin-commerce-dev.ie.edu\/cookie-policy\/"},"modified":"2019-05-22T10:03:57","modified_gmt":"2019-05-22T08:03:57","slug":"politica-cookies","status":"publish","type":"page","link":"https:\/\/origin-commerce-dev.ie.edu\/es\/politica-cookies\/","title":{"rendered":"Pol\u00edtica de cookies"},"content":{"rendered":"<div class=\"container legal-cms-wrapper\">\n<h2>POL\u00cdTICA DE COOKIES<\/h2>\n<p>Una cookie es un fichero que se descarga en su ordenador al acceder a determinadas p\u00e1ginas web. Las cookies permiten a una p\u00e1gina web, entre otras cosas, almacenar y recuperar informaci\u00f3n sobre los h\u00e1bitos de navegaci\u00f3n de un usuario o de su equipo y, dependiendo de la informaci\u00f3n que contengan y de la forma en que utilice su equipo, pueden utilizarse para reconocer al usuario.<\/p>\n<p>Los tipos de cookies que utilizamos:<\/p>\n<p><span style=\"text-decoration: underline;\"><b>Cookies propias<\/b><\/span>: son aqu\u00e9llas que se env\u00edan al equipo terminal del usuario desde un equipo o dominio gestionado por el propio editor y desde el que se presta al servicio solicitado por el usuario.<\/p>\n<p><span style=\"text-decoration: underline;\"><b>Cookies de tercero<\/b><\/span>: son aqu\u00e9llas que se env\u00edan al equipo terminal del usuario desde un equipo o dominio que es gestionado por el editor, sino por otra entidad que trata los datos obtenidos a trav\u00e9s de las cookies.<\/p>\n<p><span style=\"text-decoration: underline;\"><b>Cookies de sesi\u00f3n<\/b><\/span>: son un tipo de cookies dise\u00f1adas para recabar y almacenar datos mientras el usuario accede a una p\u00e1gina web.<\/p>\n<p><span style=\"text-decoration: underline;\"><b>Cookies persistentes<\/b><\/span>: son un tipo de cookies en el que los datos siguen almacenados en el terminal y pueden ser accedidos y tratados durante un periodo definido por el responsable de la cookie, y que puede ir de minutos a a\u00f1os.<\/p>\n<p><span style=\"text-decoration: underline;\"><b>Cookies t\u00e9cnicas<\/b><\/span>: son aqu\u00e9llas que permiten al usuario la navegaci\u00f3n en una p\u00e1gina web y la utilizaci\u00f3n de las diferentes opciones o servicios.<\/p>\n<p><span style=\"text-decoration: underline;\"><b>Cookies de personalizaci\u00f3n<\/b><\/span>: son aqu\u00e9llas que permiten al usuario acceder al servicio con algunas caracter\u00edsticas de car\u00e1cter general predefinidas en funci\u00f3n de una serie de criterios en el terminal del usuario.<\/p>\n<p><span style=\"text-decoration: underline;\"><b>Cookies de an\u00e1lisis<\/b><\/span>: son aqu\u00e9llas que permiten al responsable de las mismas, el seguimiento y an\u00e1lisis del comportamiento de los usuarios de los sitios web a los que est\u00e1n vinculadas.<\/p>\n<p><span style=\"text-decoration: underline;\"><b>Cookies publicitarias<\/b><\/span>: son aqu\u00e9llas que permiten la gesti\u00f3n de los espacios publicitarios que el editor haya incluido en una p\u00e1gina web en base a criterios como el contenido editado o la frecuencia en la que se muestran los anuncios.<\/p>\n<p><span style=\"text-decoration: underline;\"><b>Cookies de publicidad comportamental<\/b><\/span>: son aqu\u00e9llas que permiten la gesti\u00f3n de los espacios publicitarios que el editor haya incluido en una p\u00e1gina web y que almacenan informaci\u00f3n del comportamiento de usuarios y que permiten desarrollar un perfil espec\u00edfico para mostrar publicidad en funci\u00f3n del mismo.<\/p>\n<p>La tabla siguiente ofrece m\u00e1s detalles sobre las cookies que usamos:<\/p>\n<table width=\"1001\">\n<tbody>\n<tr>\n<td colspan=\"3\"><strong>COOKIES DE TERCEROS (AN\u00c1LISIS DE GOOGLE) PARA FINES ANAL\u00cdTICOS<\/strong><\/td>\n<\/tr>\n<tr>\n<td><strong>Cookie\u00a0<\/strong><\/td>\n<td><strong>Descripci\u00f3n<\/strong><\/td>\n<td>\n<div id=\"tw-target-text-container\" class=\"gsrt tw-ta-container tw-nfl\">\n<pre id=\"tw-target-text\" class=\"tw-data-text tw-ta tw-text-medium\" dir=\"ltr\" data-placeholder=\"Traducci\u00f3n\" data-fulltext=\"\"><strong><span lang=\"es\" tabindex=\"0\">Tiempo de caducidad predeterminado<\/span><\/strong><\/pre>\n<\/div>\n<\/td>\n<\/tr>\n<tr>\n<td width=\"328\">catAccCookies<\/td>\n<td width=\"328\">Cookie que almacena el consentimiento de las cookies.<\/td>\n<td width=\"345\">1 Mes<\/td>\n<\/tr>\n<tr>\n<td>woocommerce_items_in_cart<\/td>\n<td>Contiene informaci\u00f3n sobre el carrito en su totalidad y ayuda a WooCommerce a saber cu\u00e1ndo cambian los datos del carrito<\/td>\n<td><\/td>\n<\/tr>\n<tr>\n<td>wp_woocommerce_session_cdcefa6a9664d92cccb15cba487a667b<\/td>\n<td>Contiene un c\u00f3digo \u00fanico para cada cliente para que sepa d\u00f3nde encontrar los datos del carrito en la base de datos de cada cliente<\/td>\n<td><\/td>\n<\/tr>\n<tr>\n<td>wp-settings-time-1<\/td>\n<td width=\"328\">WordPress tambi\u00e9n establece algunas cookies wp-settings- {time} &#8211; [UID]. El n\u00famero al final es su ID de usuario individual de la tabla de la base de datos de usuarios. Esto se utiliza para personalizar su vista de la interfaz de administraci\u00f3n, y posiblemente tambi\u00e9n la interfaz del sitio principal.<\/td>\n<td>1 A\u00f1o<\/td>\n<\/tr>\n<tr>\n<td>redux_blast<\/td>\n<td width=\"328\">Sirve para personalizar la interfaz de usuario.<\/td>\n<td>1 A\u00f1o<\/td>\n<\/tr>\n<tr>\n<td>woocommerce_cart_hash<\/td>\n<td>Contiene informaci\u00f3n sobre el carrito en su totalidad y ayuda a WooCommerce a saber cu\u00e1ndo cambian los datos del carrito<\/td>\n<td><\/td>\n<\/tr>\n<tr>\n<td>redux_update_check<\/td>\n<td width=\"328\">Sirve para personalizar la interfaz de usuario.<\/td>\n<td>1 A\u00f1o<\/td>\n<\/tr>\n<tr>\n<td>_ga<\/td>\n<td>Google Analytics Cookie &#8211;\u00a0 Se utiliza para distinguir a los usuarios.<\/td>\n<td width=\"345\">2 A\u00f1os<\/td>\n<\/tr>\n<tr>\n<td>wordpress_test_cookie<\/td>\n<td width=\"328\">WordPress test cookie<\/td>\n<td>session<\/td>\n<\/tr>\n<tr>\n<td>__cfduid<\/td>\n<td>La cookie __ cfduid se usa para invalidar las restricciones de seguridad basadas en la direcci\u00f3n IP del visitante.<\/td>\n<td>5 A\u00f1os<\/td>\n<\/tr>\n<tr>\n<td>wordpress_logged_in_cdcefa6a9664d92cccb15cba487a667b<\/td>\n<td width=\"328\">Cookie de WordPress para un usuario registrado<\/td>\n<td>session<\/td>\n<\/tr>\n<tr>\n<td>wordpress_sec_cdcefa6a9664d92cccb15cba487a667b<\/td>\n<td width=\"328\">Cookie de WordPress para un usuario registrado<\/td>\n<td>session<\/td>\n<\/tr>\n<tr>\n<td>_icl_current_admin_language_d41d8cd98f00b204e9800998ecf8427e<\/td>\n<td>Se usa para recordar el idioma que ha seleccionado el administrador<\/td>\n<td>24 Horas<\/td>\n<\/tr>\n<tr>\n<td>_icl_current_language<\/td>\n<td>Se usa para recordar el idioma que ha seleccionado el usuario<\/td>\n<td>24 Horas<\/td>\n<\/tr>\n<tr>\n<td>wp-settings-1<\/td>\n<td>WordPress tambi\u00e9n establece algunas cookies wp-settings- [UID]. El n\u00famero al final es su ID de usuario individual de la tabla de la base de datos de usuarios. Esto se utiliza para personalizar su vista de la interfaz de administraci\u00f3n, y posiblemente tambi\u00e9n la interfaz del sitio principal.<\/td>\n<td>1 A\u00f1o<\/td>\n<\/tr>\n<tr>\n<td width=\"328\">PHPSESSID<\/td>\n<td width=\"328\">Para identificar su sesi\u00f3n \u00fanica en el sitio web.<\/td>\n<td>session<\/td>\n<\/tr>\n<\/tbody>\n<\/table>\n<p>&nbsp;<\/p>\n<p>Se puede permitir, bloquear o eliminar las cookies instaladas en su equipo mediante la configuraci\u00f3n de las opciones del navegador instalado en su ordenador:<\/p>\n<h5>Internet Explorer<\/h5>\n<p>En el men\u00fa &#8220;Herramientas &gt; Opciones de Internet&#8221;, en la pesta\u00f1a &#8220;Privacidad&#8221;, seleccione la configuraci\u00f3n deseada y pulse el bot\u00f3n de configuraci\u00f3n avanzada. Active la casilla &#8220;Sobrescribir la administraci\u00f3n autom\u00e1tica de cookies&#8221;. Marque las casillas &#8220;Activar&#8221; o &#8220;Bloquear&#8221;.<\/p>\n<h5>Firefox<\/h5>\n<p>En el men\u00fa &#8220;Herramientas &gt; Opciones&#8221;, en la pesta\u00f1a &#8220;Privacidad&#8221;. Active o desactive la casilla &#8220;Aceptar cookies de las webs&#8221; o \u201cdecir a los sitios web que no quiero ser rastreado\u201d, dependiendo de la versi\u00f3n de su navegador. Se puede eliminar las cookies instaladas pulsando sobre la opci\u00f3n \u201celiminar cookies de forma individual\u201d.<\/p>\n<h5>Chrome<\/h5>\n<p>En el men\u00fa &#8220;Herramientas &gt; Configuraci\u00f3n&#8221;, en la la pesta\u00f1a &#8220;Privacidad &gt; Configuraci\u00f3n de contenido&#8221;. Tras seleccionar la opci\u00f3n \u201cmostrar opciones avanzadas\u201d, seleccione su configuraci\u00f3n de cookies favorita. Si no desea permitir su instalaci\u00f3n, puedeseleccionar la opci\u00f3n \u201cbloquear los datos de sitios y las cookies de terceros\u201d.<\/p>\n<h5>Safari<\/h5>\n<p>En el men\u00fa &#8220;Herramientas &gt; Preferencias&#8221;, en la pesta\u00f1a &#8220;Seguridad&#8221;. En el men\u00fa &#8220;Aceptar cookies&#8221; seleccione la casilla &#8220;Siempre&#8221; o &#8220;Nunca&#8221;. Si dispone de un iPhone, deber\u00e1 acceder a \u201cConfiguraci\u00f3n &gt; Safari\u201d y all\u00ed seleccionar si acepta o no las cookies.<\/p>\n<p><em>No podemos garantizar que estos procedimientos de configuraci\u00f3n se ajusten siempre a la \u00faltima versi\u00f3n disponible ya que est\u00e1n sometidos a actualizaci\u00f3n o modificaci\u00f3n por parte de los desarrolladores de los navegadores.<\/em><\/p>\n<\/div>\n","protected":false},"excerpt":{"rendered":"<p>POL\u00cdTICA DE COOKIES Una cookie es un fichero que se descarga en su ordenador al acceder a determinadas p\u00e1ginas web. Las cookies permiten a una p\u00e1gina web, entre otras cosas,&hellip;<\/p>\n","protected":false},"author":1,"featured_media":0,"parent":0,"menu_order":0,"comment_status":"closed","ping_status":"closed","template":"","meta":{"_seopress_robots_primary_cat":"","_seopress_titles_title":"","_seopress_titles_desc":"","_seopress_robots_index":"","footnotes":""},"class_list":["post-17580","page","type-page","status-publish","hentry"],"_links":{"self":[{"href":"https:\/\/origin-commerce-dev.ie.edu\/es\/wp-json\/wp\/v2\/pages\/17580","targetHints":{"allow":["GET"]}}],"collection":[{"href":"https:\/\/origin-commerce-dev.ie.edu\/es\/wp-json\/wp\/v2\/pages"}],"about":[{"href":"https:\/\/origin-commerce-dev.ie.edu\/es\/wp-json\/wp\/v2\/types\/page"}],"author":[{"embeddable":true,"href":"https:\/\/origin-commerce-dev.ie.edu\/es\/wp-json\/wp\/v2\/users\/1"}],"replies":[{"embeddable":true,"href":"https:\/\/origin-commerce-dev.ie.edu\/es\/wp-json\/wp\/v2\/comments?post=17580"}],"version-history":[{"count":16,"href":"https:\/\/origin-commerce-dev.ie.edu\/es\/wp-json\/wp\/v2\/pages\/17580\/revisions"}],"predecessor-version":[{"id":19161,"href":"https:\/\/origin-commerce-dev.ie.edu\/es\/wp-json\/wp\/v2\/pages\/17580\/revisions\/19161"}],"wp:attachment":[{"href":"https:\/\/origin-commerce-dev.ie.edu\/es\/wp-json\/wp\/v2\/media?parent=17580"}],"curies":[{"name":"wp","href":"https:\/\/api.w.org\/{rel}","templated":true}]}}